{"id":451,"date":"2022-03-04T15:54:37","date_gmt":"2022-03-04T07:54:37","guid":{"rendered":"https:\/\/martubefaucet.com\/?post_type=product&#038;p=451"},"modified":"2024-03-21T11:02:52","modified_gmt":"2024-03-21T03:02:52","slug":"china-taps-manufacturer-bathroom-basin-faucet","status":"publish","type":"product","link":"https:\/\/martubefaucet.com\/pt\/products\/china-taps-manufacturer-bathroom-basin-faucet\/","title":{"rendered":"Fabricante de torneiras na China Torneira para lavat\u00f3rio de casa de banho"},"content":{"rendered":"<p>Massividade e solidez com texturas met\u00e1licas completas mant\u00eam o estilo de design fresco e calmo, seu lembrete di\u00e1rio para sempre brilhar um pouco mais!<\/p>","protected":false},"excerpt":{"rendered":"<p>A solidez e a solidez das texturas met\u00e1licas mant\u00eam um estilo de design fresco e calmo, o seu lembrete di\u00e1rio para brilhar sempre um pouco mais!<\/p>\n<ul>\n<li>Modelo: 10610117<\/li>\n<li>Torneira de lavat\u00f3rio de uma alavanca<\/li>\n<li>Corpo da torneira em lat\u00e3o<\/li>\n<li>Cartucho de cer\u00e2mica:  KCG, Sedal, Kerox, Yizhan<\/li>\n<li>Garantia\uff1a5 anos<\/li>\n<li>Cor: Ouro PVD, Ouro rosa, Ouro escovado, Cromo, Preto galvanoplastia, Preto pintura, Branco<\/li>\n<li>Certifica\u00e7\u00e3o de torneiras: ACS, Watermark&amp;Wels, KC<\/li>\n<li>MOQ\uff1a60PCS<\/li>\n<li>Prazo de entrega: 35-45 dias<\/li>\n<\/ul>","protected":false},"featured_media":2976,"comment_status":"open","ping_status":"closed","template":"","meta":{"_seopress_robots_primary_cat":"none"},"product_cat":[23],"product_tag":[],"class_list":{"0":"post-451","1":"product","2":"type-product","3":"status-publish","4":"has-post-thumbnail","6":"product_cat-bathroom-faucet","8":"first","9":"instock","10":"shipping-taxable","11":"product-type-simple"},"_links":{"self":[{"href":"https:\/\/martubefaucet.com\/pt\/wp-json\/wp\/v2\/product\/451","targetHints":{"allow":["GET"]}}],"collection":[{"href":"https:\/\/martubefaucet.com\/pt\/wp-json\/wp\/v2\/product"}],"about":[{"href":"https:\/\/martubefaucet.com\/pt\/wp-json\/wp\/v2\/types\/product"}],"replies":[{"embeddable":true,"href":"https:\/\/martubefaucet.com\/pt\/wp-json\/wp\/v2\/comments?post=451"}],"wp:featuredmedia":[{"embeddable":true,"href":"https:\/\/martubefaucet.com\/pt\/wp-json\/wp\/v2\/media\/2976"}],"wp:attachment":[{"href":"https:\/\/martubefaucet.com\/pt\/wp-json\/wp\/v2\/media?parent=451"}],"wp:term":[{"taxonomy":"product_cat","embeddable":true,"href":"https:\/\/martubefaucet.com\/pt\/wp-json\/wp\/v2\/product_cat?post=451"},{"taxonomy":"product_tag","embeddable":true,"href":"https:\/\/martubefaucet.com\/pt\/wp-json\/wp\/v2\/product_tag?post=451"}],"curies":[{"name":"wp","href":"https:\/\/api.w.org\/{rel}","templated":true}]}}