{"id":450,"date":"2022-03-04T15:53:35","date_gmt":"2022-03-04T07:53:35","guid":{"rendered":"https:\/\/martubefaucet.com\/?post_type=product&#038;p=450"},"modified":"2024-02-01T15:32:47","modified_gmt":"2024-02-01T07:32:47","slug":"china-watermark-tapware-manufacturer-bathroom-faucet","status":"publish","type":"product","link":"https:\/\/martubefaucet.com\/pt\/products\/china-watermark-tapware-manufacturer-bathroom-faucet\/","title":{"rendered":"Fabricante de torneiras de casa de banho da China Watermark"},"content":{"rendered":"<p>Massividade e solidez com texturas met\u00e1licas completas mant\u00eam o estilo de design fresco e calmo, seu lembrete di\u00e1rio para sempre brilhar um pouco mais!<\/p>","protected":false},"excerpt":{"rendered":"<p>Massividade e solidez com texturas met\u00e1licas completas mant\u00eam o estilo de design fresco e calmo, seu lembrete di\u00e1rio para sempre brilhar um pouco mais!<\/p>\n<ul>\n<li>S\u00e9rie: S\u00e9rie Rose<\/li>\n<li>Modelo: 23101<\/li>\n<li>Torneira de lavat\u00f3rio de uma alavanca<\/li>\n<li>Corpo da torneira em lat\u00e3o<\/li>\n<li>Cartucho de cer\u00e2mica: KCG, Sedal, Kerox, Yizhan<\/li>\n<li>Garantia: 6 anos<\/li>\n<li>Cor: Ouro PVD, Ouro rosa, Ouro escovado, Cromo, Preto galvanoplastia, Preto pintura, Branco<\/li>\n<li>Certifica\u00e7\u00e3o de torneiras: ACS, Watermark&amp;Wels, KC<\/li>\n<li>Prazo de entrega: 35-45 dias<\/li>\n<\/ul>","protected":false},"featured_media":2891,"comment_status":"open","ping_status":"closed","template":"","meta":{"_seopress_robots_primary_cat":"none"},"product_cat":[34,36,23],"product_tag":[],"class_list":{"0":"post-450","1":"product","2":"type-product","3":"status-publish","4":"has-post-thumbnail","6":"product_cat-faucet-series","7":"product_cat-rose-series","8":"product_cat-bathroom-faucet","10":"first","11":"instock","12":"shipping-taxable","13":"product-type-simple"},"_links":{"self":[{"href":"https:\/\/martubefaucet.com\/pt\/wp-json\/wp\/v2\/product\/450","targetHints":{"allow":["GET"]}}],"collection":[{"href":"https:\/\/martubefaucet.com\/pt\/wp-json\/wp\/v2\/product"}],"about":[{"href":"https:\/\/martubefaucet.com\/pt\/wp-json\/wp\/v2\/types\/product"}],"replies":[{"embeddable":true,"href":"https:\/\/martubefaucet.com\/pt\/wp-json\/wp\/v2\/comments?post=450"}],"wp:featuredmedia":[{"embeddable":true,"href":"https:\/\/martubefaucet.com\/pt\/wp-json\/wp\/v2\/media\/2891"}],"wp:attachment":[{"href":"https:\/\/martubefaucet.com\/pt\/wp-json\/wp\/v2\/media?parent=450"}],"wp:term":[{"taxonomy":"product_cat","embeddable":true,"href":"https:\/\/martubefaucet.com\/pt\/wp-json\/wp\/v2\/product_cat?post=450"},{"taxonomy":"product_tag","embeddable":true,"href":"https:\/\/martubefaucet.com\/pt\/wp-json\/wp\/v2\/product_tag?post=450"}],"curies":[{"name":"wp","href":"https:\/\/api.w.org\/{rel}","templated":true}]}}