{"id":2420,"date":"2022-05-10T14:22:51","date_gmt":"2022-05-10T06:22:51","guid":{"rendered":"https:\/\/martubefaucet.com\/?post_type=product&#038;p=2420"},"modified":"2022-05-10T14:28:20","modified_gmt":"2022-05-10T06:28:20","slug":"kaiping-faucet-manufacturer-black-bathroom-faucets","status":"publish","type":"product","link":"https:\/\/martubefaucet.com\/pt\/products\/kaiping-faucet-manufacturer-black-bathroom-faucets\/","title":{"rendered":"fabricante de torneiras kaiping torneiras de casa de banho pretas"},"content":{"rendered":"<p>Massividade e solidez com texturas met\u00e1licas completas mant\u00eam o estilo de design fresco e calmo, seu lembrete di\u00e1rio para sempre brilhar um pouco mais!<\/p>","protected":false},"excerpt":{"rendered":"<p>Massividade e solidez com texturas met\u00e1licas completas mant\u00eam o estilo de design fresco e calmo, seu lembrete di\u00e1rio para sempre brilhar um pouco mais!<\/p>\n<ul>\n<li>S\u00e9rie: S\u00e9rie Gl\u00f3ria<\/li>\n<li>Modelo: 26101<\/li>\n<li>Torneira de lavat\u00f3rio de uma alavanca<\/li>\n<li>Corpo da torneira em lat\u00e3o<\/li>\n<li>Cartucho de cer\u00e2mica: KCG, Sedal, Kerox, Yizhan<\/li>\n<li>Garantia: 6 anos<\/li>\n<li>Cor: Ouro PVD, Ouro rosa, Ouro escovado, Cromo, Preto galvanoplastia, Preto pintura, Branco<\/li>\n<li>Certifica\u00e7\u00e3o de torneiras: ACS, Watermark&amp;Wels, KC<\/li>\n<li>Prazo de entrega: 35-45 dias<\/li>\n<\/ul>","protected":false},"featured_media":2423,"comment_status":"open","ping_status":"closed","template":"","meta":{"_seopress_robots_primary_cat":"none"},"product_cat":[34,38,23],"product_tag":[],"class_list":{"0":"post-2420","1":"product","2":"type-product","3":"status-publish","4":"has-post-thumbnail","6":"product_cat-faucet-series","7":"product_cat-glory-series","8":"product_cat-bathroom-faucet","10":"first","11":"instock","12":"shipping-taxable","13":"product-type-simple"},"_links":{"self":[{"href":"https:\/\/martubefaucet.com\/pt\/wp-json\/wp\/v2\/product\/2420","targetHints":{"allow":["GET"]}}],"collection":[{"href":"https:\/\/martubefaucet.com\/pt\/wp-json\/wp\/v2\/product"}],"about":[{"href":"https:\/\/martubefaucet.com\/pt\/wp-json\/wp\/v2\/types\/product"}],"replies":[{"embeddable":true,"href":"https:\/\/martubefaucet.com\/pt\/wp-json\/wp\/v2\/comments?post=2420"}],"wp:featuredmedia":[{"embeddable":true,"href":"https:\/\/martubefaucet.com\/pt\/wp-json\/wp\/v2\/media\/2423"}],"wp:attachment":[{"href":"https:\/\/martubefaucet.com\/pt\/wp-json\/wp\/v2\/media?parent=2420"}],"wp:term":[{"taxonomy":"product_cat","embeddable":true,"href":"https:\/\/martubefaucet.com\/pt\/wp-json\/wp\/v2\/product_cat?post=2420"},{"taxonomy":"product_tag","embeddable":true,"href":"https:\/\/martubefaucet.com\/pt\/wp-json\/wp\/v2\/product_tag?post=2420"}],"curies":[{"name":"wp","href":"https:\/\/api.w.org\/{rel}","templated":true}]}}