{"id":451,"date":"2022-03-04T15:54:37","date_gmt":"2022-03-04T07:54:37","guid":{"rendered":"https:\/\/martubefaucet.com\/?post_type=product&#038;p=451"},"modified":"2024-03-21T11:02:52","modified_gmt":"2024-03-21T03:02:52","slug":"china-taps-manufacturer-bathroom-basin-faucet","status":"publish","type":"product","link":"https:\/\/martubefaucet.com\/fr\/products\/china-taps-manufacturer-bathroom-basin-faucet\/","title":{"rendered":"Fabricant chinois de robinets Robinet de salle de bains"},"content":{"rendered":"<p>La massivit\u00e9 et la solidit\u00e9 des textures m\u00e9talliques permettent de conserver un style frais et calme\uff0cvotre rappel quotidien de toujours briller un peu plus !<\/p>","protected":false},"excerpt":{"rendered":"<p>La massivit\u00e9 et la solidit\u00e9 des textures m\u00e9talliques conservent un style frais et calme\uff0c votre rappel quotidien de toujours briller un peu plus !<\/p>\n<ul>\n<li>Mod\u00e8le : 10610117<\/li>\n<li>Robinet de lavabo \u00e0 levier unique<\/li>\n<li>Corps de robinet en laiton<\/li>\n<li>Cartouche c\u00e9ramique :  KCG, Sedal, Kerox, Yizhan<\/li>\n<li>Garantie\uff1a5 ans<\/li>\n<li>Couleur : or PVD, or rose, or bross\u00e9, chrome, noir de galvanoplastie, noir de peinture, blanc<\/li>\n<li>Certification des robinets : ACS, Watermark&amp;Wels, KC<\/li>\n<li>MOQ\uff1a60PCS<\/li>\n<li>D\u00e9lai de livraison : 35-45 jours<\/li>\n<\/ul>","protected":false},"featured_media":2976,"comment_status":"open","ping_status":"closed","template":"","meta":{"_seopress_robots_primary_cat":"none"},"product_cat":[23],"product_tag":[],"class_list":{"0":"post-451","1":"product","2":"type-product","3":"status-publish","4":"has-post-thumbnail","6":"product_cat-bathroom-faucet","8":"first","9":"instock","10":"shipping-taxable","11":"product-type-simple"},"_links":{"self":[{"href":"https:\/\/martubefaucet.com\/fr\/wp-json\/wp\/v2\/product\/451","targetHints":{"allow":["GET"]}}],"collection":[{"href":"https:\/\/martubefaucet.com\/fr\/wp-json\/wp\/v2\/product"}],"about":[{"href":"https:\/\/martubefaucet.com\/fr\/wp-json\/wp\/v2\/types\/product"}],"replies":[{"embeddable":true,"href":"https:\/\/martubefaucet.com\/fr\/wp-json\/wp\/v2\/comments?post=451"}],"wp:featuredmedia":[{"embeddable":true,"href":"https:\/\/martubefaucet.com\/fr\/wp-json\/wp\/v2\/media\/2976"}],"wp:attachment":[{"href":"https:\/\/martubefaucet.com\/fr\/wp-json\/wp\/v2\/media?parent=451"}],"wp:term":[{"taxonomy":"product_cat","embeddable":true,"href":"https:\/\/martubefaucet.com\/fr\/wp-json\/wp\/v2\/product_cat?post=451"},{"taxonomy":"product_tag","embeddable":true,"href":"https:\/\/martubefaucet.com\/fr\/wp-json\/wp\/v2\/product_tag?post=451"}],"curies":[{"name":"wp","href":"https:\/\/api.w.org\/{rel}","templated":true}]}}