{"id":2420,"date":"2022-05-10T14:22:51","date_gmt":"2022-05-10T06:22:51","guid":{"rendered":"https:\/\/martubefaucet.com\/?post_type=product&#038;p=2420"},"modified":"2022-05-10T14:28:20","modified_gmt":"2022-05-10T06:28:20","slug":"kaiping-faucet-manufacturer-black-bathroom-faucets","status":"publish","type":"product","link":"https:\/\/martubefaucet.com\/fr\/products\/kaiping-faucet-manufacturer-black-bathroom-faucets\/","title":{"rendered":"kaiping fabricant de robinetterie robinets de salle de bain noirs"},"content":{"rendered":"<p>La massivit\u00e9 et la solidit\u00e9 des textures m\u00e9talliques permettent de conserver un style frais et calme\uff0cvotre rappel quotidien de toujours briller un peu plus !<\/p>","protected":false},"excerpt":{"rendered":"<p>La massivit\u00e9 et la solidit\u00e9 des textures m\u00e9talliques permettent de conserver un style frais et calme\uff0cvotre rappel quotidien de toujours briller un peu plus !<\/p>\n<ul>\n<li>S\u00e9rie : S\u00e9rie Glory<\/li>\n<li>Mod\u00e8le : 26101<\/li>\n<li>Robinet de lavabo \u00e0 levier unique<\/li>\n<li>Corps de robinet en laiton<\/li>\n<li>Cartouche c\u00e9ramique : KCG, Sedal, Kerox, Yizhan<\/li>\n<li>Garantie : 6 ans<\/li>\n<li>Couleur : or PVD, or rose, or bross\u00e9, chrome, noir de galvanoplastie, noir de peinture, blanc<\/li>\n<li>Certification des robinets : ACS, Watermark&amp;Wels, KC<\/li>\n<li>D\u00e9lai de livraison : 35-45 jours<\/li>\n<\/ul>","protected":false},"featured_media":2423,"comment_status":"open","ping_status":"closed","template":"","meta":{"_seopress_robots_primary_cat":"none"},"product_cat":[34,38,23],"product_tag":[],"class_list":{"0":"post-2420","1":"product","2":"type-product","3":"status-publish","4":"has-post-thumbnail","6":"product_cat-faucet-series","7":"product_cat-glory-series","8":"product_cat-bathroom-faucet","10":"first","11":"instock","12":"shipping-taxable","13":"product-type-simple"},"_links":{"self":[{"href":"https:\/\/martubefaucet.com\/fr\/wp-json\/wp\/v2\/product\/2420","targetHints":{"allow":["GET"]}}],"collection":[{"href":"https:\/\/martubefaucet.com\/fr\/wp-json\/wp\/v2\/product"}],"about":[{"href":"https:\/\/martubefaucet.com\/fr\/wp-json\/wp\/v2\/types\/product"}],"replies":[{"embeddable":true,"href":"https:\/\/martubefaucet.com\/fr\/wp-json\/wp\/v2\/comments?post=2420"}],"wp:featuredmedia":[{"embeddable":true,"href":"https:\/\/martubefaucet.com\/fr\/wp-json\/wp\/v2\/media\/2423"}],"wp:attachment":[{"href":"https:\/\/martubefaucet.com\/fr\/wp-json\/wp\/v2\/media?parent=2420"}],"wp:term":[{"taxonomy":"product_cat","embeddable":true,"href":"https:\/\/martubefaucet.com\/fr\/wp-json\/wp\/v2\/product_cat?post=2420"},{"taxonomy":"product_tag","embeddable":true,"href":"https:\/\/martubefaucet.com\/fr\/wp-json\/wp\/v2\/product_tag?post=2420"}],"curies":[{"name":"wp","href":"https:\/\/api.w.org\/{rel}","templated":true}]}}