{"id":120,"date":"2022-03-02T12:09:54","date_gmt":"2022-03-02T04:09:54","guid":{"rendered":"https:\/\/martubefaucet.com\/?post_type=product&#038;p=120"},"modified":"2024-02-01T15:36:46","modified_gmt":"2024-02-01T07:36:46","slug":"kaiping-taps-manufacturer-bath-shower-faucet","status":"publish","type":"product","link":"https:\/\/martubefaucet.com\/fr\/products\/kaiping-taps-manufacturer-bath-shower-faucet\/","title":{"rendered":"Kaiping, fabricant de robinets de baignoire et de douche"},"content":{"rendered":"<p>La massivit\u00e9 et la solidit\u00e9 des textures m\u00e9talliques permettent de conserver un style frais et calme\uff0cvotre rappel quotidien de toujours briller un peu plus !<\/p>","protected":false},"excerpt":{"rendered":"<p>La massivit\u00e9 et la solidit\u00e9 des textures m\u00e9talliques permettent de conserver un style frais et calme\uff0cvotre rappel quotidien de toujours briller un peu plus !<\/p>\n<ul>\n<li>S\u00e9rie : S\u00e9rie Rose<\/li>\n<li>Mod\u00e8le : 23305<\/li>\n<li>Robinet de lavabo \u00e0 levier unique<\/li>\n<li>Corps de robinet en laiton<\/li>\n<li>Cartouche c\u00e9ramique : KCG, Sedal, Kerox, Yizhan<\/li>\n<li>Garantie : 6 ans<\/li>\n<li>Couleur : or PVD, or rose, or bross\u00e9, chrome, noir de galvanoplastie, noir de peinture, blanc<\/li>\n<li>Certification des robinets : ACS, Watermark&amp;Wels, KC<\/li>\n<li>D\u00e9lai de livraison : 35-45 jours<\/li>\n<\/ul>","protected":false},"featured_media":2898,"comment_status":"open","ping_status":"closed","template":"","meta":{"_seopress_robots_primary_cat":"none"},"product_cat":[36,33],"product_tag":[],"class_list":{"0":"post-120","1":"product","2":"type-product","3":"status-publish","4":"has-post-thumbnail","6":"product_cat-rose-series","7":"product_cat-bath-shower-facuet","9":"first","10":"instock","11":"shipping-taxable","12":"product-type-simple"},"_links":{"self":[{"href":"https:\/\/martubefaucet.com\/fr\/wp-json\/wp\/v2\/product\/120","targetHints":{"allow":["GET"]}}],"collection":[{"href":"https:\/\/martubefaucet.com\/fr\/wp-json\/wp\/v2\/product"}],"about":[{"href":"https:\/\/martubefaucet.com\/fr\/wp-json\/wp\/v2\/types\/product"}],"replies":[{"embeddable":true,"href":"https:\/\/martubefaucet.com\/fr\/wp-json\/wp\/v2\/comments?post=120"}],"wp:featuredmedia":[{"embeddable":true,"href":"https:\/\/martubefaucet.com\/fr\/wp-json\/wp\/v2\/media\/2898"}],"wp:attachment":[{"href":"https:\/\/martubefaucet.com\/fr\/wp-json\/wp\/v2\/media?parent=120"}],"wp:term":[{"taxonomy":"product_cat","embeddable":true,"href":"https:\/\/martubefaucet.com\/fr\/wp-json\/wp\/v2\/product_cat?post=120"},{"taxonomy":"product_tag","embeddable":true,"href":"https:\/\/martubefaucet.com\/fr\/wp-json\/wp\/v2\/product_tag?post=120"}],"curies":[{"name":"wp","href":"https:\/\/api.w.org\/{rel}","templated":true}]}}