{"id":2169,"date":"2022-03-30T14:50:58","date_gmt":"2022-03-30T06:50:58","guid":{"rendered":"https:\/\/martubefaucet.com\/?page_id=2169"},"modified":"2022-03-30T14:52:42","modified_gmt":"2022-03-30T06:52:42","slug":"sitemap","status":"publish","type":"page","link":"https:\/\/martubefaucet.com\/fr\/sitemap\/","title":{"rendered":"Plan du site"},"content":{"rendered":"<div class=\"wrap-html-sitemap sp-html-sitemap\"><div class=\"sp-wrap-cpt\"><h2 class=\"sp-cpt-name\">Pages<\/h2><ul class=\"sp-list-posts sp-cpt-hierarchical\"><li class=\"page_item page-item-2169\"><a href=\"https:\/\/martubefaucet.com\/fr\/sitemap\/\">Plan du site<\/a><\/li><li class=\"page_item page-item-1163\"><a href=\"https:\/\/martubefaucet.com\/fr\/thank-you\/\">Merci de votre attention<\/a><\/li><li class=\"page_item page-item-1057\"><a href=\"https:\/\/martubefaucet.com\/fr\/certifications\/\">Certifications<\/a><\/li><li class=\"page_item page-item-164\"><a href=\"https:\/\/martubefaucet.com\/fr\/oem-omd-capability\/\">Capacit\u00e9 OEM et OMD<\/a><\/li><li class=\"page_item page-item-91\"><a href=\"https:\/\/martubefaucet.com\/fr\/\">Accueil<\/a><\/li><li class=\"page_item page-item-92\"><a href=\"https:\/\/martubefaucet.com\/fr\/products\/\">Produits<\/a><\/li><li class=\"page_item page-item-93 current_page_parent\"><a href=\"https:\/\/martubefaucet.com\/fr\/blog\/\">Blog<\/a><\/li><li class=\"page_item page-item-94\"><a href=\"https:\/\/martubefaucet.com\/fr\/contact\/\">Contact<\/a><\/li><li class=\"page_item page-item-95\"><a href=\"https:\/\/martubefaucet.com\/fr\/about\/\">A propos de<\/a><\/li><\/ul><\/div><div class=\"sp-wrap-cpt\"><h2 class=\"sp-cpt-name\">Articles<\/h2><div class=\"sp-wrap-cats\"><div class=\"sp-wrap-cat\"><h3 class=\"sp-cat-name\"><a href=\"https:\/\/martubefaucet.com\/fr\/category\/faucet-knowledge\/\">Connaissance des robinets<\/a><\/h3><ul class=\"sp-list-posts\"><li><a href=\"https:\/\/martubefaucet.com\/fr\/top-10-faucet-manufacturers-from-germany\/\">Les 10 premiers fabricants de robinets d'Allemagne<\/a> - 16 janvier 2024<\/li><li><a href=\"https:\/\/martubefaucet.com\/fr\/134th-canton-fair-invitation-from-spark\/\">Invitation de SPARK \u00e0 la 134e foire de Canton<\/a> - 3 octobre 2023<\/li><li><a href=\"https:\/\/martubefaucet.com\/fr\/streamline-your-supply-chain-wholesale-faucets-from-reputable-faucet-manufacturers\/\">Rationalisez votre cha\u00eene d'approvisionnement : Vente en gros de robinets provenant de fabricants de robinets r\u00e9put\u00e9s<\/a> - 27 mai 2023<\/li><li><a href=\"https:\/\/martubefaucet.com\/fr\/5-keys-to-picking-a-premium-faucet\/\">5 cl\u00e9s pour choisir un robinet de qualit\u00e9 sup\u00e9rieure-Martube Faucet Factory<\/a> - 30 mai 2022<\/li><li><a href=\"https:\/\/martubefaucet.com\/fr\/reliable-china-taps-manufacturer\/\">Comment trouver un fabricant de robinets fiable en Chine<\/a> - 18 mars 2022<\/li><li><a href=\"https:\/\/martubefaucet.com\/fr\/certifications\/\">Certifications<\/a> - 14 mars 2022<\/li><li><a href=\"https:\/\/martubefaucet.com\/fr\/faucet-manufacturing-process\/\">D\u00e9m\u00ealer le processus de fabrication des robinets-Fabricant de robinets de type Martube<\/a> - 2 mars 2022<\/li><\/ul><\/div><\/div><\/div><div class=\"sp-wrap-cpt\"><h2 class=\"sp-cpt-name\">Produits<\/h2><div class=\"sp-wrap-cats\"><div class=\"sp-wrap-cat\"><h3 class=\"sp-cat-name\"><a href=\"https:\/\/martubefaucet.com\/fr\/product\/bath-shower-facuet\/\">Facult\u00e9s de bain et de douche<\/a><\/h3><ul class=\"sp-list-posts\"><li><a href=\"https:\/\/martubefaucet.com\/fr\/products\/kaiping-taps-manufacturer-bath-shower-faucet\/\">Kaiping, fabricant de robinets de baignoire et de douche<\/a> - 2 mars 2022<\/li><\/ul><\/div><div class=\"sp-wrap-cat\"><h3 class=\"sp-cat-name\"><a href=\"https:\/\/martubefaucet.com\/fr\/product\/bathroom-faucet\/\">Robinet de salle de bains<\/a><\/h3><ul class=\"sp-list-posts\"><li><a href=\"https:\/\/martubefaucet.com\/fr\/products\/china-faucet-factory-balck-bathroom-taps\/\">Fabricant chinois de robinets de salle de bain noirs<\/a> - 10 mai 2022<\/li><li><a href=\"https:\/\/martubefaucet.com\/fr\/products\/kaiping-faucet-manufacturer-black-bathroom-faucets\/\">kaiping fabricant de robinetterie robinets de salle de bain noirs<\/a> - 10 mai 2022<\/li><li><a href=\"https:\/\/martubefaucet.com\/fr\/products\/china-faucet-manufacturer-brush-gold-faucets\/\">Fabricant chinois de robinets, robinets \u00e0 brosse en or<\/a> - 10 mai 2022<\/li><li><a href=\"https:\/\/martubefaucet.com\/fr\/products\/china-taps-manufacturer-bathroom-basin-faucet\/\">Fabricant chinois de robinets Robinet de salle de bains<\/a> - 4 mars 2022<\/li><li><a href=\"https:\/\/martubefaucet.com\/fr\/products\/china-watermark-tapware-manufacturer-bathroom-faucet\/\">Watermark Tapware fabricant chinois de robinets de salle de bains<\/a> - 4 mars 2022<\/li><\/ul><\/div><div class=\"sp-wrap-cat\"><h3 class=\"sp-cat-name\"><a href=\"https:\/\/martubefaucet.com\/fr\/product\/faucet-series\/\">S\u00e9rie de robinets<\/a><\/h3><ul class=\"sp-list-posts\"><li><a href=\"https:\/\/martubefaucet.com\/fr\/products\/kaiping-faucet-manufacturer-black-bathroom-faucets\/\">kaiping fabricant de robinetterie robinets de salle de bain noirs<\/a> - 10 mai 2022<\/li><li><a href=\"https:\/\/martubefaucet.com\/fr\/products\/china-faucet-manufacturer-brush-gold-faucets\/\">Fabricant chinois de robinets, robinets \u00e0 brosse en or<\/a> - 10 mai 2022<\/li><li><a href=\"https:\/\/martubefaucet.com\/fr\/products\/china-watermark-tapware-manufacturer-bathroom-faucet\/\">Watermark Tapware fabricant chinois de robinets de salle de bains<\/a> - 4 mars 2022<\/li><\/ul><\/div><div class=\"sp-wrap-cat\"><h3 class=\"sp-cat-name\"><a href=\"https:\/\/martubefaucet.com\/fr\/product\/faucet-series\/glory-series\/\">S\u00e9rie Glory<\/a><\/h3><ul class=\"sp-list-posts\"><li><a href=\"https:\/\/martubefaucet.com\/fr\/products\/kaiping-faucet-manufacturer-black-bathroom-faucets\/\">kaiping fabricant de robinetterie robinets de salle de bain noirs<\/a> - 10 mai 2022<\/li><li><a href=\"https:\/\/martubefaucet.com\/fr\/products\/kaiping-faucet-manufacturer-kitchen-faucet\/\">Fabricant de robinets de cuisine Kaiping<\/a> - 4 mars 2022<\/li><\/ul><\/div><div class=\"sp-wrap-cat\"><h3 class=\"sp-cat-name\"><a href=\"https:\/\/martubefaucet.com\/fr\/product\/kitchen-faucet\/\">Robinet de cuisine<\/a><\/h3><ul class=\"sp-list-posts\"><li><a href=\"https:\/\/martubefaucet.com\/fr\/products\/kaiping-faucet-manufacturer-kitchen-faucet\/\">Fabricant de robinets de cuisine Kaiping<\/a> - 4 mars 2022<\/li><\/ul><\/div><div class=\"sp-wrap-cat\"><h3 class=\"sp-cat-name\"><a href=\"https:\/\/martubefaucet.com\/fr\/product\/faucet-series\/rose-series\/\">S\u00e9rie Rose<\/a><\/h3><ul class=\"sp-list-posts\"><li><a href=\"https:\/\/martubefaucet.com\/fr\/products\/china-watermark-tapware-manufacturer-bathroom-faucet\/\">Watermark Tapware fabricant chinois de robinets de salle de bains<\/a> - 4 mars 2022<\/li><li><a href=\"https:\/\/martubefaucet.com\/fr\/products\/kaiping-taps-manufacturer-bath-shower-faucet\/\">Kaiping, fabricant de robinets de baignoire et de douche<\/a> - 2 mars 2022<\/li><\/ul><\/div><div class=\"sp-wrap-cat\"><h3 class=\"sp-cat-name\"><a href=\"https:\/\/martubefaucet.com\/fr\/product\/faucet-series\/teana\/\">S\u00e9rie Teana<\/a><\/h3><ul class=\"sp-list-posts\"><li><a href=\"https:\/\/martubefaucet.com\/fr\/products\/china-faucet-manufacturer-brush-gold-faucets\/\">Fabricant chinois de robinets, robinets \u00e0 brosse en or<\/a> - 10 mai 2022<\/li><\/ul><\/div><\/div><\/div><\/div>","protected":false},"excerpt":{"rendered":"","protected":false},"author":1,"featured_media":0,"parent":0,"menu_order":0,"comment_status":"closed","ping_status":"closed","template":"","meta":{"_seopress_robots_primary_cat":"","footnotes":""},"class_list":["post-2169","page","type-page","status-publish","hentry"],"_links":{"self":[{"href":"https:\/\/martubefaucet.com\/fr\/wp-json\/wp\/v2\/pages\/2169","targetHints":{"allow":["GET"]}}],"collection":[{"href":"https:\/\/martubefaucet.com\/fr\/wp-json\/wp\/v2\/pages"}],"about":[{"href":"https:\/\/martubefaucet.com\/fr\/wp-json\/wp\/v2\/types\/page"}],"author":[{"embeddable":true,"href":"https:\/\/martubefaucet.com\/fr\/wp-json\/wp\/v2\/users\/1"}],"replies":[{"embeddable":true,"href":"https:\/\/martubefaucet.com\/fr\/wp-json\/wp\/v2\/comments?post=2169"}],"version-history":[{"count":2,"href":"https:\/\/martubefaucet.com\/fr\/wp-json\/wp\/v2\/pages\/2169\/revisions"}],"predecessor-version":[{"id":2173,"href":"https:\/\/martubefaucet.com\/fr\/wp-json\/wp\/v2\/pages\/2169\/revisions\/2173"}],"wp:attachment":[{"href":"https:\/\/martubefaucet.com\/fr\/wp-json\/wp\/v2\/media?parent=2169"}],"curies":[{"name":"wp","href":"https:\/\/api.w.org\/{rel}","templated":true}]}}