{"id":1163,"date":"2022-03-12T10:31:29","date_gmt":"2022-03-12T02:31:29","guid":{"rendered":"https:\/\/martubefaucet.com\/?page_id=1163"},"modified":"2023-12-13T10:15:07","modified_gmt":"2023-12-13T02:15:07","slug":"thank-you","status":"publish","type":"page","link":"https:\/\/martubefaucet.com\/fr\/thank-you\/","title":{"rendered":"Merci de votre attention"},"content":{"rendered":"<div data-elementor-type=\"wp-page\" data-elementor-id=\"1163\" class=\"elementor elementor-1163\" data-elementor-post-type=\"page\">\n\t\t\t\t\t\t<section class=\"elementor-section elementor-top-section elementor-element elementor-element-12e8ccd elementor-section-boxed elementor-section-height-default elementor-section-height-default\" data-id=\"12e8ccd\" data-element_type=\"section\">\n\t\t\t\t\t\t<div class=\"elementor-container elementor-column-gap-default\">\n\t\t\t\t\t<div class=\"elementor-column elementor-col-100 elementor-top-column elementor-element elementor-element-7bf6961\" data-id=\"7bf6961\" data-element_type=\"column\">\n\t\t\t<div class=\"elementor-widget-wrap elementor-element-populated\">\n\t\t\t\t\t\t<section class=\"elementor-section elementor-inner-section elementor-element elementor-element-5560bce elementor-section-boxed elementor-section-height-default elementor-section-height-default\" data-id=\"5560bce\" data-element_type=\"section\">\n\t\t\t\t\t\t<div class=\"elementor-container elementor-column-gap-default\">\n\t\t\t\t\t<div class=\"elementor-column elementor-col-50 elementor-inner-column elementor-element elementor-element-6a5c314\" data-id=\"6a5c314\" data-element_type=\"column\">\n\t\t\t<div class=\"elementor-widget-wrap elementor-element-populated\">\n\t\t\t\t\t\t<div class=\"elementor-element elementor-element-c15b199 elementor-widget elementor-widget-image\" data-id=\"c15b199\" data-element_type=\"widget\" data-widget_type=\"image.default\">\n\t\t\t\t<div class=\"elementor-widget-container\">\n\t\t\t<style>\/*! elementor - v3.19.0 - 29-01-2024 *\/\n.elementor-widget-image{text-align:center}.elementor-widget-image a{display:inline-block}.elementor-widget-image a img[src$=\".svg\"]{width:48px}.elementor-widget-image img{vertical-align:middle;display:inline-block}<\/style>\t\t\t\t\t\t\t\t\t\t<img fetchpriority=\"high\" decoding=\"async\" width=\"800\" height=\"500\" src=\"https:\/\/martubefaucet.com\/wp-content\/uploads\/2022\/03\/20220221161725-1024x640.png\" class=\"attachment-large size-large wp-image-166\" alt=\"\" srcset=\"https:\/\/martubefaucet.com\/wp-content\/uploads\/2022\/03\/20220221161725-1024x640.png 1024w, https:\/\/martubefaucet.com\/wp-content\/uploads\/2022\/03\/20220221161725-300x188.png 300w, https:\/\/martubefaucet.com\/wp-content\/uploads\/2022\/03\/20220221161725-768x480.png 768w, https:\/\/martubefaucet.com\/wp-content\/uploads\/2022\/03\/20220221161725-1536x961.png 1536w, https:\/\/martubefaucet.com\/wp-content\/uploads\/2022\/03\/20220221161725-600x375.png 600w, https:\/\/martubefaucet.com\/wp-content\/uploads\/2022\/03\/20220221161725.png 1727w\" sizes=\"(max-width: 800px) 100vw, 800px\" \/>\t\t\t\t\t\t\t\t\t\t\t\t\t<\/div>\n\t\t\t\t<\/div>\n\t\t\t\t\t<\/div>\n\t\t<\/div>\n\t\t\t\t<div class=\"elementor-column elementor-col-50 elementor-inner-column elementor-element elementor-element-7c249e8\" data-id=\"7c249e8\" data-element_type=\"column\">\n\t\t\t<div class=\"elementor-widget-wrap elementor-element-populated\">\n\t\t\t\t\t\t<div class=\"elementor-element elementor-element-bbc2855 elementor-widget elementor-widget-heading\" data-id=\"bbc2855\" data-element_type=\"widget\" data-widget_type=\"heading.default\">\n\t\t\t\t<div class=\"elementor-widget-container\">\n\t\t\t<style>\/*! elementor - v3.19.0 - 29-01-2024 *\/\n.elementor-heading-title{padding:0;margin:0;line-height:1}.elementor-widget-heading .elementor-heading-title[class*=elementor-size-]>a{color:inherit;font-size:inherit;line-height:inherit}.elementor-widget-heading .elementor-heading-title.elementor-size-small{font-size:15px}.elementor-widget-heading .elementor-heading-title.elementor-size-medium{font-size:19px}.elementor-widget-heading .elementor-heading-title.elementor-size-large{font-size:29px}.elementor-widget-heading .elementor-heading-title.elementor-size-xl{font-size:39px}.elementor-widget-heading .elementor-heading-title.elementor-size-xxl{font-size:59px}<\/style><h2 class=\"elementor-heading-title elementor-size-default\">Merci de votre attention !<\/h2>\t\t<\/div>\n\t\t\t\t<\/div>\n\t\t\t\t<div class=\"elementor-element elementor-element-98ef5e9 elementor-widget elementor-widget-text-editor\" data-id=\"98ef5e9\" data-element_type=\"widget\" data-widget_type=\"text-editor.default\">\n\t\t\t\t<div class=\"elementor-widget-container\">\n\t\t\t<style>\/*! elementor - v3.19.0 - 29-01-2024 *\/\n.elementor-widget-text-editor.elementor-drop-cap-view-stacked .elementor-drop-cap{background-color:#69727d;color:#fff}.elementor-widget-text-editor.elementor-drop-cap-view-framed .elementor-drop-cap{color:#69727d;border:3px solid;background-color:transparent}.elementor-widget-text-editor:not(.elementor-drop-cap-view-default) .elementor-drop-cap{margin-top:8px}.elementor-widget-text-editor:not(.elementor-drop-cap-view-default) .elementor-drop-cap-letter{width:1em;height:1em}.elementor-widget-text-editor .elementor-drop-cap{float:left;text-align:center;line-height:1;font-size:50px}.elementor-widget-text-editor .elementor-drop-cap-letter{display:inline-block}<\/style>\t\t\t\t<p>Le message a \u00e9t\u00e9 envoy\u00e9 avec succ\u00e8s.&nbsp;<\/p>\n<p>Nous vous contacterons dans un d\u00e9lai d'un jour ouvrable, veuillez pr\u00eater attention \u00e0 l'email avec le suffixe \"@spark-faucet.com OR @martubefaucet.com\".&nbsp;<\/p>\n<p>J'esp\u00e8re que nous aurons des relations commerciales stables \u00e0 l'avenir.<\/p>\t\t\t\t\t\t<\/div>\n\t\t\t\t<\/div>\n\t\t\t\t<div class=\"elementor-element elementor-element-e108a5f elementor-widget elementor-widget-button\" data-id=\"e108a5f\" data-element_type=\"widget\" data-widget_type=\"button.default\">\n\t\t\t\t<div class=\"elementor-widget-container\">\n\t\t\t\t\t<div class=\"elementor-button-wrapper\">\n\t\t\t<a class=\"elementor-button elementor-button-link elementor-size-sm\" href=\"https:\/\/martubefaucet.com\/fr\">\n\t\t\t\t\t\t<span class=\"elementor-button-content-wrapper\">\n\t\t\t\t\t\t<span class=\"elementor-button-text\">Retour \u00e0 l'accueil<\/span>\n\t\t<\/span>\n\t\t\t\t\t<\/a>\n\t\t<\/div>\n\t\t\t\t<\/div>\n\t\t\t\t<\/div>\n\t\t\t\t\t<\/div>\n\t\t<\/div>\n\t\t\t\t\t<\/div>\n\t\t<\/section>\n\t\t\t\t\t<\/div>\n\t\t<\/div>\n\t\t\t\t\t<\/div>\n\t\t<\/section>\n\t\t\t\t<\/div>","protected":false},"excerpt":{"rendered":"<p>Thank you! The message was sent successfully.&nbsp; We will contact you within 1 working day, please pay attention to the email with the suffix \u201c@spark-faucet.com OR @martubefaucet.com\u201d.&nbsp; Hope we have a stable business relationship in the future. Back to home<\/p>","protected":false},"author":1,"featured_media":0,"parent":0,"menu_order":0,"comment_status":"closed","ping_status":"closed","template":"","meta":{"_seopress_robots_primary_cat":"","footnotes":""},"class_list":["post-1163","page","type-page","status-publish","hentry"],"_links":{"self":[{"href":"https:\/\/martubefaucet.com\/fr\/wp-json\/wp\/v2\/pages\/1163","targetHints":{"allow":["GET"]}}],"collection":[{"href":"https:\/\/martubefaucet.com\/fr\/wp-json\/wp\/v2\/pages"}],"about":[{"href":"https:\/\/martubefaucet.com\/fr\/wp-json\/wp\/v2\/types\/page"}],"author":[{"embeddable":true,"href":"https:\/\/martubefaucet.com\/fr\/wp-json\/wp\/v2\/users\/1"}],"replies":[{"embeddable":true,"href":"https:\/\/martubefaucet.com\/fr\/wp-json\/wp\/v2\/comments?post=1163"}],"version-history":[{"count":7,"href":"https:\/\/martubefaucet.com\/fr\/wp-json\/wp\/v2\/pages\/1163\/revisions"}],"predecessor-version":[{"id":2479,"href":"https:\/\/martubefaucet.com\/fr\/wp-json\/wp\/v2\/pages\/1163\/revisions\/2479"}],"wp:attachment":[{"href":"https:\/\/martubefaucet.com\/fr\/wp-json\/wp\/v2\/media?parent=1163"}],"curies":[{"name":"wp","href":"https:\/\/api.w.org\/{rel}","templated":true}]}}