{"id":2427,"date":"2022-05-10T14:30:50","date_gmt":"2022-05-10T06:30:50","guid":{"rendered":"https:\/\/martubefaucet.com\/?post_type=product&#038;p=2427"},"modified":"2022-05-10T14:35:28","modified_gmt":"2022-05-10T06:35:28","slug":"china-faucet-factory-balck-bathroom-taps","status":"publish","type":"product","link":"https:\/\/martubefaucet.com\/es\/products\/china-faucet-factory-balck-bathroom-taps\/","title":{"rendered":"China f\u00e1brica de grifer\u00eda grifos de ba\u00f1o balck"},"content":{"rendered":"<p>Masividad y solidez con texturas totalmente met\u00e1licas mantienen un estilo de dise\u00f1o fresco y tranquilo, \u00a1su recordatorio diario para brillar siempre un poco m\u00e1s!<\/p>","protected":false},"excerpt":{"rendered":"<p>Masividad y solidez con texturas totalmente met\u00e1licas mantienen un estilo de dise\u00f1o fresco y tranquilo, \u00a1su recordatorio diario para brillar siempre un poco m\u00e1s!<\/p>\n<ul>\n<li>Serie Serie Rosa<\/li>\n<li>Modelo: 23101<\/li>\n<li>Grifo monomando para lavabo<\/li>\n<li>Cuerpo del grifo de lat\u00f3n<\/li>\n<li>Cartucho cer\u00e1mico: KCG, Sedal, Kerox, Yizhan<\/li>\n<li>Garant\u00eda: 6 a\u00f1os<\/li>\n<li>Color: PVD oro, oro rosa, oro cepillado, cromo, galvanoplastia negra, pintura negra, blanco<\/li>\n<li>Certificaci\u00f3n de grifer\u00eda: ACS, Watermark&amp;Wels, KC<\/li>\n<li>Plazo de entrega: 35-45 d\u00edas<\/li>\n<\/ul>","protected":false},"featured_media":2432,"comment_status":"open","ping_status":"closed","template":"","meta":{"_seopress_robots_primary_cat":"none"},"product_cat":[23],"product_tag":[],"class_list":{"0":"post-2427","1":"product","2":"type-product","3":"status-publish","4":"has-post-thumbnail","6":"product_cat-bathroom-faucet","8":"first","9":"instock","10":"shipping-taxable","11":"product-type-simple"},"_links":{"self":[{"href":"https:\/\/martubefaucet.com\/es\/wp-json\/wp\/v2\/product\/2427","targetHints":{"allow":["GET"]}}],"collection":[{"href":"https:\/\/martubefaucet.com\/es\/wp-json\/wp\/v2\/product"}],"about":[{"href":"https:\/\/martubefaucet.com\/es\/wp-json\/wp\/v2\/types\/product"}],"replies":[{"embeddable":true,"href":"https:\/\/martubefaucet.com\/es\/wp-json\/wp\/v2\/comments?post=2427"}],"wp:featuredmedia":[{"embeddable":true,"href":"https:\/\/martubefaucet.com\/es\/wp-json\/wp\/v2\/media\/2432"}],"wp:attachment":[{"href":"https:\/\/martubefaucet.com\/es\/wp-json\/wp\/v2\/media?parent=2427"}],"wp:term":[{"taxonomy":"product_cat","embeddable":true,"href":"https:\/\/martubefaucet.com\/es\/wp-json\/wp\/v2\/product_cat?post=2427"},{"taxonomy":"product_tag","embeddable":true,"href":"https:\/\/martubefaucet.com\/es\/wp-json\/wp\/v2\/product_tag?post=2427"}],"curies":[{"name":"wp","href":"https:\/\/api.w.org\/{rel}","templated":true}]}}