{"id":120,"date":"2022-03-02T12:09:54","date_gmt":"2022-03-02T04:09:54","guid":{"rendered":"https:\/\/martubefaucet.com\/?post_type=product&#038;p=120"},"modified":"2024-02-01T15:36:46","modified_gmt":"2024-02-01T07:36:46","slug":"kaiping-taps-manufacturer-bath-shower-faucet","status":"publish","type":"product","link":"https:\/\/martubefaucet.com\/es\/products\/kaiping-taps-manufacturer-bath-shower-faucet\/","title":{"rendered":"Kaiping fabricante grifer\u00eda ba\u00f1o ducha"},"content":{"rendered":"<p>Masividad y solidez con texturas totalmente met\u00e1licas mantienen un estilo de dise\u00f1o fresco y tranquilo, \u00a1su recordatorio diario para brillar siempre un poco m\u00e1s!<\/p>","protected":false},"excerpt":{"rendered":"<p>Masividad y solidez con texturas totalmente met\u00e1licas mantienen un estilo de dise\u00f1o fresco y tranquilo, \u00a1su recordatorio diario para brillar siempre un poco m\u00e1s!<\/p>\n<ul>\n<li>Serie Serie Rosa<\/li>\n<li>Modelo: 23305<\/li>\n<li>Grifo monomando para lavabo<\/li>\n<li>Cuerpo del grifo de lat\u00f3n<\/li>\n<li>Cartucho cer\u00e1mico: KCG, Sedal, Kerox, Yizhan<\/li>\n<li>Garant\u00eda: 6 a\u00f1os<\/li>\n<li>Color: PVD oro, oro rosa, oro cepillado, cromo, galvanoplastia negra, pintura negra, blanco<\/li>\n<li>Certificaci\u00f3n de grifer\u00eda: ACS, Watermark&amp;Wels, KC<\/li>\n<li>Plazo de entrega: 35-45 d\u00edas<\/li>\n<\/ul>","protected":false},"featured_media":2898,"comment_status":"open","ping_status":"closed","template":"","meta":{"_seopress_robots_primary_cat":"none"},"product_cat":[36,33],"product_tag":[],"class_list":{"0":"post-120","1":"product","2":"type-product","3":"status-publish","4":"has-post-thumbnail","6":"product_cat-rose-series","7":"product_cat-bath-shower-facuet","9":"first","10":"instock","11":"shipping-taxable","12":"product-type-simple"},"_links":{"self":[{"href":"https:\/\/martubefaucet.com\/es\/wp-json\/wp\/v2\/product\/120","targetHints":{"allow":["GET"]}}],"collection":[{"href":"https:\/\/martubefaucet.com\/es\/wp-json\/wp\/v2\/product"}],"about":[{"href":"https:\/\/martubefaucet.com\/es\/wp-json\/wp\/v2\/types\/product"}],"replies":[{"embeddable":true,"href":"https:\/\/martubefaucet.com\/es\/wp-json\/wp\/v2\/comments?post=120"}],"wp:featuredmedia":[{"embeddable":true,"href":"https:\/\/martubefaucet.com\/es\/wp-json\/wp\/v2\/media\/2898"}],"wp:attachment":[{"href":"https:\/\/martubefaucet.com\/es\/wp-json\/wp\/v2\/media?parent=120"}],"wp:term":[{"taxonomy":"product_cat","embeddable":true,"href":"https:\/\/martubefaucet.com\/es\/wp-json\/wp\/v2\/product_cat?post=120"},{"taxonomy":"product_tag","embeddable":true,"href":"https:\/\/martubefaucet.com\/es\/wp-json\/wp\/v2\/product_tag?post=120"}],"curies":[{"name":"wp","href":"https:\/\/api.w.org\/{rel}","templated":true}]}}