{"id":2169,"date":"2022-03-30T14:50:58","date_gmt":"2022-03-30T06:50:58","guid":{"rendered":"https:\/\/martubefaucet.com\/?page_id=2169"},"modified":"2022-03-30T14:52:42","modified_gmt":"2022-03-30T06:52:42","slug":"sitemap","status":"publish","type":"page","link":"https:\/\/martubefaucet.com\/es\/sitemap\/","title":{"rendered":"Mapa del sitio"},"content":{"rendered":"<div class=\"wrap-html-sitemap sp-html-sitemap\"><div class=\"sp-wrap-cpt\"><h2 class=\"sp-cpt-name\">P\u00e1ginas<\/h2><ul class=\"sp-list-posts sp-cpt-hierarchical\"><li class=\"page_item page-item-2169\"><a href=\"https:\/\/martubefaucet.com\/es\/sitemap\/\">Mapa del sitio<\/a><\/li><li class=\"page_item page-item-1163\"><a href=\"https:\/\/martubefaucet.com\/es\/thank-you\/\">Gracias<\/a><\/li><li class=\"page_item page-item-1057\"><a href=\"https:\/\/martubefaucet.com\/es\/certifications\/\">Certificaciones<\/a><\/li><li class=\"page_item page-item-164\"><a href=\"https:\/\/martubefaucet.com\/es\/oem-omd-capability\/\">Capacidad OEM y OMD<\/a><\/li><li class=\"page_item page-item-91\"><a href=\"https:\/\/martubefaucet.com\/es\/\">Inicio<\/a><\/li><li class=\"page_item page-item-92\"><a href=\"https:\/\/martubefaucet.com\/es\/products\/\">Productos<\/a><\/li><li class=\"page_item page-item-93 current_page_parent\"><a href=\"https:\/\/martubefaucet.com\/es\/blog\/\">Blog<\/a><\/li><li class=\"page_item page-item-94\"><a href=\"https:\/\/martubefaucet.com\/es\/contact\/\">contacto<\/a><\/li><li class=\"page_item page-item-95\"><a href=\"https:\/\/martubefaucet.com\/es\/about\/\">Acerca de<\/a><\/li><\/ul><\/div><div class=\"sp-wrap-cpt\"><h2 class=\"sp-cpt-name\">Entradas<\/h2><div class=\"sp-wrap-cats\"><div class=\"sp-wrap-cat\"><h3 class=\"sp-cat-name\"><a href=\"https:\/\/martubefaucet.com\/es\/category\/faucet-knowledge\/\">Conocimientos de grifer\u00eda<\/a><\/h3><ul class=\"sp-list-posts\"><li><a href=\"https:\/\/martubefaucet.com\/es\/top-10-faucet-manufacturers-from-germany\/\">Los 10 principales fabricantes de grifer\u00eda de Alemania<\/a> - 16 de enero de 2024<\/li><li><a href=\"https:\/\/martubefaucet.com\/es\/134th-canton-fair-invitation-from-spark\/\">Invitaci\u00f3n de SPARK a la 134\u00aa Feria de Cant\u00f3n<\/a> - 3 octubre 2023<\/li><li><a href=\"https:\/\/martubefaucet.com\/es\/streamline-your-supply-chain-wholesale-faucets-from-reputable-faucet-manufacturers\/\">Racionalice su cadena de suministro: Mayorista de grifos de fabricantes de renombre<\/a> - 27 mayo 2023<\/li><li><a href=\"https:\/\/martubefaucet.com\/es\/5-keys-to-picking-a-premium-faucet\/\">5 claves para elegir una grifer\u00eda de calidad-Martube Faucet Factory<\/a> - 30 de mayo de 2022<\/li><li><a href=\"https:\/\/martubefaucet.com\/es\/reliable-china-taps-manufacturer\/\">C\u00f3mo encontrar un fabricante de grifos chino fiable<\/a> - 18 marzo 2022<\/li><li><a href=\"https:\/\/martubefaucet.com\/es\/certifications\/\">Certificaciones<\/a> - 14 marzo 2022<\/li><li><a href=\"https:\/\/martubefaucet.com\/es\/faucet-manufacturing-process\/\">Desentra\u00f1ar el proceso de fabricaci\u00f3n de grifos-Fabricante de grifos de tubo<\/a> - 2 de marzo de 2022<\/li><\/ul><\/div><\/div><\/div><div class=\"sp-wrap-cpt\"><h2 class=\"sp-cpt-name\">Productos<\/h2><div class=\"sp-wrap-cats\"><div class=\"sp-wrap-cat\"><h3 class=\"sp-cat-name\"><a href=\"https:\/\/martubefaucet.com\/es\/product\/bath-shower-facuet\/\">Ba\u00f1era y ducha Facuet<\/a><\/h3><ul class=\"sp-list-posts\"><li><a href=\"https:\/\/martubefaucet.com\/es\/products\/kaiping-taps-manufacturer-bath-shower-faucet\/\">Kaiping fabricante grifer\u00eda ba\u00f1o ducha<\/a> - 2 de marzo de 2022<\/li><\/ul><\/div><div class=\"sp-wrap-cat\"><h3 class=\"sp-cat-name\"><a href=\"https:\/\/martubefaucet.com\/es\/product\/bathroom-faucet\/\">Grifer\u00eda de ba\u00f1o<\/a><\/h3><ul class=\"sp-list-posts\"><li><a href=\"https:\/\/martubefaucet.com\/es\/products\/china-faucet-factory-balck-bathroom-taps\/\">China f\u00e1brica de grifer\u00eda grifos de ba\u00f1o balck<\/a> - 10 de mayo de 2022<\/li><li><a href=\"https:\/\/martubefaucet.com\/es\/products\/kaiping-faucet-manufacturer-black-bathroom-faucets\/\">kaiping faucet manufacturer grifos de ba\u00f1o negros<\/a> - 10 de mayo de 2022<\/li><li><a href=\"https:\/\/martubefaucet.com\/es\/products\/china-faucet-manufacturer-brush-gold-faucets\/\">China grifo fabricante cepillo grifos de oro<\/a> - 10 de mayo de 2022<\/li><li><a href=\"https:\/\/martubefaucet.com\/es\/products\/china-taps-manufacturer-bathroom-basin-faucet\/\">China fabricante grifos Lavabo Grifo<\/a> - 4 marzo 2022<\/li><li><a href=\"https:\/\/martubefaucet.com\/es\/products\/china-watermark-tapware-manufacturer-bathroom-faucet\/\">China Watermark Tapware fabricante Grifo de ba\u00f1o<\/a> - 4 marzo 2022<\/li><\/ul><\/div><div class=\"sp-wrap-cat\"><h3 class=\"sp-cat-name\"><a href=\"https:\/\/martubefaucet.com\/es\/product\/faucet-series\/\">Serie de grifos<\/a><\/h3><ul class=\"sp-list-posts\"><li><a href=\"https:\/\/martubefaucet.com\/es\/products\/kaiping-faucet-manufacturer-black-bathroom-faucets\/\">kaiping faucet manufacturer grifos de ba\u00f1o negros<\/a> - 10 de mayo de 2022<\/li><li><a href=\"https:\/\/martubefaucet.com\/es\/products\/china-faucet-manufacturer-brush-gold-faucets\/\">China grifo fabricante cepillo grifos de oro<\/a> - 10 de mayo de 2022<\/li><li><a href=\"https:\/\/martubefaucet.com\/es\/products\/china-watermark-tapware-manufacturer-bathroom-faucet\/\">China Watermark Tapware fabricante Grifo de ba\u00f1o<\/a> - 4 marzo 2022<\/li><\/ul><\/div><div class=\"sp-wrap-cat\"><h3 class=\"sp-cat-name\"><a href=\"https:\/\/martubefaucet.com\/es\/product\/faucet-series\/glory-series\/\">Serie Gloria<\/a><\/h3><ul class=\"sp-list-posts\"><li><a href=\"https:\/\/martubefaucet.com\/es\/products\/kaiping-faucet-manufacturer-black-bathroom-faucets\/\">kaiping faucet manufacturer grifos de ba\u00f1o negros<\/a> - 10 de mayo de 2022<\/li><li><a href=\"https:\/\/martubefaucet.com\/es\/products\/kaiping-faucet-manufacturer-kitchen-faucet\/\">Kaiping grifo fabricante grifo de cocina<\/a> - 4 marzo 2022<\/li><\/ul><\/div><div class=\"sp-wrap-cat\"><h3 class=\"sp-cat-name\"><a href=\"https:\/\/martubefaucet.com\/es\/product\/kitchen-faucet\/\">Grifo de cocina<\/a><\/h3><ul class=\"sp-list-posts\"><li><a href=\"https:\/\/martubefaucet.com\/es\/products\/kaiping-faucet-manufacturer-kitchen-faucet\/\">Kaiping grifo fabricante grifo de cocina<\/a> - 4 marzo 2022<\/li><\/ul><\/div><div class=\"sp-wrap-cat\"><h3 class=\"sp-cat-name\"><a href=\"https:\/\/martubefaucet.com\/es\/product\/faucet-series\/rose-series\/\">Serie Rosa<\/a><\/h3><ul class=\"sp-list-posts\"><li><a href=\"https:\/\/martubefaucet.com\/es\/products\/china-watermark-tapware-manufacturer-bathroom-faucet\/\">China Watermark Tapware fabricante Grifo de ba\u00f1o<\/a> - 4 marzo 2022<\/li><li><a href=\"https:\/\/martubefaucet.com\/es\/products\/kaiping-taps-manufacturer-bath-shower-faucet\/\">Kaiping fabricante grifer\u00eda ba\u00f1o ducha<\/a> - 2 de marzo de 2022<\/li><\/ul><\/div><div class=\"sp-wrap-cat\"><h3 class=\"sp-cat-name\"><a href=\"https:\/\/martubefaucet.com\/es\/product\/faucet-series\/teana\/\">Serie Teana<\/a><\/h3><ul class=\"sp-list-posts\"><li><a href=\"https:\/\/martubefaucet.com\/es\/products\/china-faucet-manufacturer-brush-gold-faucets\/\">China grifo fabricante cepillo grifos de oro<\/a> - 10 de mayo de 2022<\/li><\/ul><\/div><\/div><\/div><\/div>","protected":false},"excerpt":{"rendered":"","protected":false},"author":1,"featured_media":0,"parent":0,"menu_order":0,"comment_status":"closed","ping_status":"closed","template":"","meta":{"_seopress_robots_primary_cat":"","footnotes":""},"class_list":["post-2169","page","type-page","status-publish","hentry"],"_links":{"self":[{"href":"https:\/\/martubefaucet.com\/es\/wp-json\/wp\/v2\/pages\/2169","targetHints":{"allow":["GET"]}}],"collection":[{"href":"https:\/\/martubefaucet.com\/es\/wp-json\/wp\/v2\/pages"}],"about":[{"href":"https:\/\/martubefaucet.com\/es\/wp-json\/wp\/v2\/types\/page"}],"author":[{"embeddable":true,"href":"https:\/\/martubefaucet.com\/es\/wp-json\/wp\/v2\/users\/1"}],"replies":[{"embeddable":true,"href":"https:\/\/martubefaucet.com\/es\/wp-json\/wp\/v2\/comments?post=2169"}],"version-history":[{"count":2,"href":"https:\/\/martubefaucet.com\/es\/wp-json\/wp\/v2\/pages\/2169\/revisions"}],"predecessor-version":[{"id":2173,"href":"https:\/\/martubefaucet.com\/es\/wp-json\/wp\/v2\/pages\/2169\/revisions\/2173"}],"wp:attachment":[{"href":"https:\/\/martubefaucet.com\/es\/wp-json\/wp\/v2\/media?parent=2169"}],"curies":[{"name":"wp","href":"https:\/\/api.w.org\/{rel}","templated":true}]}}