{"id":450,"date":"2022-03-04T15:53:35","date_gmt":"2022-03-04T07:53:35","guid":{"rendered":"https:\/\/martubefaucet.com\/?post_type=product&#038;p=450"},"modified":"2024-02-01T15:32:47","modified_gmt":"2024-02-01T07:32:47","slug":"china-watermark-tapware-manufacturer-bathroom-faucet","status":"publish","type":"product","link":"https:\/\/martubefaucet.com\/de\/products\/china-watermark-tapware-manufacturer-bathroom-faucet\/","title":{"rendered":"China Watermark Tapware Hersteller Badezimmerarmatur"},"content":{"rendered":"<p>Massivit\u00e4t und Solidit\u00e4t mit Vollmetalltexturen sorgen f\u00fcr einen k\u00fchlen und ruhigen Designstil, der Sie t\u00e4glich daran erinnert, immer ein wenig heller zu strahlen!<\/p>","protected":false},"excerpt":{"rendered":"<p>Massivit\u00e4t und Solidit\u00e4t mit Vollmetalltexturen sorgen f\u00fcr einen k\u00fchlen und ruhigen Designstil, der Sie t\u00e4glich daran erinnert, immer ein wenig heller zu strahlen!<\/p>\n<ul>\n<li>Serie: Rose Serie<\/li>\n<li>Modell: 23101<\/li>\n<li>Einhebel-Waschtischbatterie<\/li>\n<li>Wasserhahnk\u00f6rper aus Messing<\/li>\n<li>Keramische Kartusche: KCG, Sedal, Kerox, Yizhan<\/li>\n<li>Garantie: 6 Jahre<\/li>\n<li>Farbe: PVD Gold, Rose Gold, Brush Gold, Chrom, Galvanik Schwarz, Lackierung Schwarz, Wei\u00df<\/li>\n<li>Wasserhahn-Zertifizierung: ACS, Watermark&amp;Wels, KC<\/li>\n<li>Lieferzeiten: 35-45 Tage<\/li>\n<\/ul>","protected":false},"featured_media":2891,"comment_status":"open","ping_status":"closed","template":"","meta":{"_seopress_robots_primary_cat":"none"},"product_cat":[34,36,23],"product_tag":[],"class_list":{"0":"post-450","1":"product","2":"type-product","3":"status-publish","4":"has-post-thumbnail","6":"product_cat-faucet-series","7":"product_cat-rose-series","8":"product_cat-bathroom-faucet","10":"first","11":"instock","12":"shipping-taxable","13":"product-type-simple"},"_links":{"self":[{"href":"https:\/\/martubefaucet.com\/de\/wp-json\/wp\/v2\/product\/450","targetHints":{"allow":["GET"]}}],"collection":[{"href":"https:\/\/martubefaucet.com\/de\/wp-json\/wp\/v2\/product"}],"about":[{"href":"https:\/\/martubefaucet.com\/de\/wp-json\/wp\/v2\/types\/product"}],"replies":[{"embeddable":true,"href":"https:\/\/martubefaucet.com\/de\/wp-json\/wp\/v2\/comments?post=450"}],"wp:featuredmedia":[{"embeddable":true,"href":"https:\/\/martubefaucet.com\/de\/wp-json\/wp\/v2\/media\/2891"}],"wp:attachment":[{"href":"https:\/\/martubefaucet.com\/de\/wp-json\/wp\/v2\/media?parent=450"}],"wp:term":[{"taxonomy":"product_cat","embeddable":true,"href":"https:\/\/martubefaucet.com\/de\/wp-json\/wp\/v2\/product_cat?post=450"},{"taxonomy":"product_tag","embeddable":true,"href":"https:\/\/martubefaucet.com\/de\/wp-json\/wp\/v2\/product_tag?post=450"}],"curies":[{"name":"wp","href":"https:\/\/api.w.org\/{rel}","templated":true}]}}