{"id":2427,"date":"2022-05-10T14:30:50","date_gmt":"2022-05-10T06:30:50","guid":{"rendered":"https:\/\/martubefaucet.com\/?post_type=product&#038;p=2427"},"modified":"2022-05-10T14:35:28","modified_gmt":"2022-05-10T06:35:28","slug":"china-faucet-factory-balck-bathroom-taps","status":"publish","type":"product","link":"https:\/\/martubefaucet.com\/de\/products\/china-faucet-factory-balck-bathroom-taps\/","title":{"rendered":"China Wasserhahn Fabrik balck Badezimmer Wasserh\u00e4hne"},"content":{"rendered":"<p>Massivit\u00e4t und Solidit\u00e4t mit Vollmetalltexturen sorgen f\u00fcr einen k\u00fchlen und ruhigen Designstil, der Sie t\u00e4glich daran erinnert, immer ein wenig heller zu strahlen!<\/p>","protected":false},"excerpt":{"rendered":"<p>Massivit\u00e4t und Solidit\u00e4t mit Vollmetalltexturen sorgen f\u00fcr einen k\u00fchlen und ruhigen Designstil, der Sie t\u00e4glich daran erinnert, immer ein wenig heller zu strahlen!<\/p>\n<ul>\n<li>Serie: Rose Serie<\/li>\n<li>Modell: 23101<\/li>\n<li>Einhebel-Waschtischbatterie<\/li>\n<li>Wasserhahnk\u00f6rper aus Messing<\/li>\n<li>Keramische Kartusche: KCG, Sedal, Kerox, Yizhan<\/li>\n<li>Garantie: 6 Jahre<\/li>\n<li>Farbe: PVD Gold, Rose Gold, Brush Gold, Chrom, Galvanik Schwarz, Lackierung Schwarz, Wei\u00df<\/li>\n<li>Wasserhahn-Zertifizierung: ACS, Watermark&amp;Wels, KC<\/li>\n<li>Lieferzeiten: 35-45 Tage<\/li>\n<\/ul>","protected":false},"featured_media":2432,"comment_status":"open","ping_status":"closed","template":"","meta":{"_seopress_robots_primary_cat":"none"},"product_cat":[23],"product_tag":[],"class_list":{"0":"post-2427","1":"product","2":"type-product","3":"status-publish","4":"has-post-thumbnail","6":"product_cat-bathroom-faucet","8":"first","9":"instock","10":"shipping-taxable","11":"product-type-simple"},"_links":{"self":[{"href":"https:\/\/martubefaucet.com\/de\/wp-json\/wp\/v2\/product\/2427","targetHints":{"allow":["GET"]}}],"collection":[{"href":"https:\/\/martubefaucet.com\/de\/wp-json\/wp\/v2\/product"}],"about":[{"href":"https:\/\/martubefaucet.com\/de\/wp-json\/wp\/v2\/types\/product"}],"replies":[{"embeddable":true,"href":"https:\/\/martubefaucet.com\/de\/wp-json\/wp\/v2\/comments?post=2427"}],"wp:featuredmedia":[{"embeddable":true,"href":"https:\/\/martubefaucet.com\/de\/wp-json\/wp\/v2\/media\/2432"}],"wp:attachment":[{"href":"https:\/\/martubefaucet.com\/de\/wp-json\/wp\/v2\/media?parent=2427"}],"wp:term":[{"taxonomy":"product_cat","embeddable":true,"href":"https:\/\/martubefaucet.com\/de\/wp-json\/wp\/v2\/product_cat?post=2427"},{"taxonomy":"product_tag","embeddable":true,"href":"https:\/\/martubefaucet.com\/de\/wp-json\/wp\/v2\/product_tag?post=2427"}],"curies":[{"name":"wp","href":"https:\/\/api.w.org\/{rel}","templated":true}]}}