{"id":2169,"date":"2022-03-30T14:50:58","date_gmt":"2022-03-30T06:50:58","guid":{"rendered":"https:\/\/martubefaucet.com\/?page_id=2169"},"modified":"2022-03-30T14:52:42","modified_gmt":"2022-03-30T06:52:42","slug":"sitemap","status":"publish","type":"page","link":"https:\/\/martubefaucet.com\/de\/sitemap\/","title":{"rendered":"Sitemap"},"content":{"rendered":"<div class=\"wrap-html-sitemap sp-html-sitemap\"><div class=\"sp-wrap-cpt\"><h2 class=\"sp-cpt-name\">Seiten<\/h2><ul class=\"sp-list-posts sp-cpt-hierarchical\"><li class=\"page_item page-item-2169\"><a href=\"https:\/\/martubefaucet.com\/de\/sitemap\/\">Sitemap<\/a><\/li><li class=\"page_item page-item-1163\"><a href=\"https:\/\/martubefaucet.com\/de\/thank-you\/\">Dankesch\u00f6n<\/a><\/li><li class=\"page_item page-item-1057\"><a href=\"https:\/\/martubefaucet.com\/de\/certifications\/\">Zertifizierungen<\/a><\/li><li class=\"page_item page-item-164\"><a href=\"https:\/\/martubefaucet.com\/de\/oem-omd-capability\/\">OEM &amp; OMD-F\u00e4higkeit<\/a><\/li><li class=\"page_item page-item-91\"><a href=\"https:\/\/martubefaucet.com\/de\/\">Startseite<\/a><\/li><li class=\"page_item page-item-92\"><a href=\"https:\/\/martubefaucet.com\/de\/products\/\">Produkte<\/a><\/li><li class=\"page_item page-item-93 current_page_parent\"><a href=\"https:\/\/martubefaucet.com\/de\/blog\/\">Blog<\/a><\/li><li class=\"page_item page-item-94\"><a href=\"https:\/\/martubefaucet.com\/de\/contact\/\">Kontakt<\/a><\/li><li class=\"page_item page-item-95\"><a href=\"https:\/\/martubefaucet.com\/de\/about\/\">\u00dcber<\/a><\/li><\/ul><\/div><div class=\"sp-wrap-cpt\"><h2 class=\"sp-cpt-name\">Beitr\u00e4ge<\/h2><div class=\"sp-wrap-cats\"><div class=\"sp-wrap-cat\"><h3 class=\"sp-cat-name\"><a href=\"https:\/\/martubefaucet.com\/de\/category\/faucet-knowledge\/\">Wasserhahn Wissen<\/a><\/h3><ul class=\"sp-list-posts\"><li><a href=\"https:\/\/martubefaucet.com\/de\/top-10-faucet-manufacturers-from-germany\/\">Top 10 Wasserhahnhersteller aus Deutschland<\/a> - 16. Januar 2024<\/li><li><a href=\"https:\/\/martubefaucet.com\/de\/134th-canton-fair-invitation-from-spark\/\">134. Canton Fair Einladung von SPARK<\/a> - 3. Oktober 2023<\/li><li><a href=\"https:\/\/martubefaucet.com\/de\/streamline-your-supply-chain-wholesale-faucets-from-reputable-faucet-manufacturers\/\">Optimieren Sie Ihre Lieferkette: Gro\u00dfhandel mit Wasserh\u00e4hnen von renommierten Wasserhahnherstellern<\/a> - 27 Mai 2023<\/li><li><a href=\"https:\/\/martubefaucet.com\/de\/5-keys-to-picking-a-premium-faucet\/\">5 Schl\u00fcssel zur Auswahl eines hochwertigen Wasserhahns-Martube Faucet Factory<\/a> - 30 Mai 2022<\/li><li><a href=\"https:\/\/martubefaucet.com\/de\/reliable-china-taps-manufacturer\/\">Wie Sie einen zuverl\u00e4ssigen Hersteller von Wasserh\u00e4hnen in China finden<\/a> - 18 M\u00e4rz 2022<\/li><li><a href=\"https:\/\/martubefaucet.com\/de\/certifications\/\">Zertifizierungen<\/a> - 14 M\u00e4rz 2022<\/li><li><a href=\"https:\/\/martubefaucet.com\/de\/faucet-manufacturing-process\/\">Entr\u00e4tseln des Herstellungsprozesses von Wasserh\u00e4hnen - Hersteller von Wasserh\u00e4hnen<\/a> - 2 M\u00e4rz 2022<\/li><\/ul><\/div><\/div><\/div><div class=\"sp-wrap-cpt\"><h2 class=\"sp-cpt-name\">Produkte<\/h2><div class=\"sp-wrap-cats\"><div class=\"sp-wrap-cat\"><h3 class=\"sp-cat-name\"><a href=\"https:\/\/martubefaucet.com\/de\/product\/bath-shower-facuet\/\">Bad &amp; Dusche Facuet<\/a><\/h3><ul class=\"sp-list-posts\"><li><a href=\"https:\/\/martubefaucet.com\/de\/products\/kaiping-taps-manufacturer-bath-shower-faucet\/\">Kaiping Armaturen Hersteller Bad Dusche Wasserhahn<\/a> - 2 M\u00e4rz 2022<\/li><\/ul><\/div><div class=\"sp-wrap-cat\"><h3 class=\"sp-cat-name\"><a href=\"https:\/\/martubefaucet.com\/de\/product\/bathroom-faucet\/\">Badezimmer Wasserhahn<\/a><\/h3><ul class=\"sp-list-posts\"><li><a href=\"https:\/\/martubefaucet.com\/de\/products\/china-faucet-factory-balck-bathroom-taps\/\">China Wasserhahn Fabrik balck Badezimmer Wasserh\u00e4hne<\/a> - 10 Mai 2022<\/li><li><a href=\"https:\/\/martubefaucet.com\/de\/products\/kaiping-faucet-manufacturer-black-bathroom-faucets\/\">kaiping Wasserhahn Hersteller schwarzer Badarmaturen<\/a> - 10 Mai 2022<\/li><li><a href=\"https:\/\/martubefaucet.com\/de\/products\/china-faucet-manufacturer-brush-gold-faucets\/\">China Wasserhahn Hersteller B\u00fcrste Gold Wasserh\u00e4hne<\/a> - 10 Mai 2022<\/li><li><a href=\"https:\/\/martubefaucet.com\/de\/products\/china-taps-manufacturer-bathroom-basin-faucet\/\">China Armaturen Hersteller Badezimmer Waschbecken Wasserhahn<\/a> - 4 M\u00e4rz 2022<\/li><li><a href=\"https:\/\/martubefaucet.com\/de\/products\/china-watermark-tapware-manufacturer-bathroom-faucet\/\">China Watermark Tapware Hersteller Badezimmerarmatur<\/a> - 4 M\u00e4rz 2022<\/li><\/ul><\/div><div class=\"sp-wrap-cat\"><h3 class=\"sp-cat-name\"><a href=\"https:\/\/martubefaucet.com\/de\/product\/faucet-series\/\">Wasserhahn Serie<\/a><\/h3><ul class=\"sp-list-posts\"><li><a href=\"https:\/\/martubefaucet.com\/de\/products\/kaiping-faucet-manufacturer-black-bathroom-faucets\/\">kaiping Wasserhahn Hersteller schwarzer Badarmaturen<\/a> - 10 Mai 2022<\/li><li><a href=\"https:\/\/martubefaucet.com\/de\/products\/china-faucet-manufacturer-brush-gold-faucets\/\">China Wasserhahn Hersteller B\u00fcrste Gold Wasserh\u00e4hne<\/a> - 10 Mai 2022<\/li><li><a href=\"https:\/\/martubefaucet.com\/de\/products\/china-watermark-tapware-manufacturer-bathroom-faucet\/\">China Watermark Tapware Hersteller Badezimmerarmatur<\/a> - 4 M\u00e4rz 2022<\/li><\/ul><\/div><div class=\"sp-wrap-cat\"><h3 class=\"sp-cat-name\"><a href=\"https:\/\/martubefaucet.com\/de\/product\/faucet-series\/glory-series\/\">Glory Serie<\/a><\/h3><ul class=\"sp-list-posts\"><li><a href=\"https:\/\/martubefaucet.com\/de\/products\/kaiping-faucet-manufacturer-black-bathroom-faucets\/\">kaiping Wasserhahn Hersteller schwarzer Badarmaturen<\/a> - 10 Mai 2022<\/li><li><a href=\"https:\/\/martubefaucet.com\/de\/products\/kaiping-faucet-manufacturer-kitchen-faucet\/\">Kaiping Wasserhahn Hersteller K\u00fcchenarmatur<\/a> - 4 M\u00e4rz 2022<\/li><\/ul><\/div><div class=\"sp-wrap-cat\"><h3 class=\"sp-cat-name\"><a href=\"https:\/\/martubefaucet.com\/de\/product\/kitchen-faucet\/\">K\u00fcchenwasserhahn<\/a><\/h3><ul class=\"sp-list-posts\"><li><a href=\"https:\/\/martubefaucet.com\/de\/products\/kaiping-faucet-manufacturer-kitchen-faucet\/\">Kaiping Wasserhahn Hersteller K\u00fcchenarmatur<\/a> - 4 M\u00e4rz 2022<\/li><\/ul><\/div><div class=\"sp-wrap-cat\"><h3 class=\"sp-cat-name\"><a href=\"https:\/\/martubefaucet.com\/de\/product\/faucet-series\/rose-series\/\">Rose Serie<\/a><\/h3><ul class=\"sp-list-posts\"><li><a href=\"https:\/\/martubefaucet.com\/de\/products\/china-watermark-tapware-manufacturer-bathroom-faucet\/\">China Watermark Tapware Hersteller Badezimmerarmatur<\/a> - 4 M\u00e4rz 2022<\/li><li><a href=\"https:\/\/martubefaucet.com\/de\/products\/kaiping-taps-manufacturer-bath-shower-faucet\/\">Kaiping Armaturen Hersteller Bad Dusche Wasserhahn<\/a> - 2 M\u00e4rz 2022<\/li><\/ul><\/div><div class=\"sp-wrap-cat\"><h3 class=\"sp-cat-name\"><a href=\"https:\/\/martubefaucet.com\/de\/product\/faucet-series\/teana\/\">Teana Serie<\/a><\/h3><ul class=\"sp-list-posts\"><li><a href=\"https:\/\/martubefaucet.com\/de\/products\/china-faucet-manufacturer-brush-gold-faucets\/\">China Wasserhahn Hersteller B\u00fcrste Gold Wasserh\u00e4hne<\/a> - 10 Mai 2022<\/li><\/ul><\/div><\/div><\/div><\/div>","protected":false},"excerpt":{"rendered":"","protected":false},"author":1,"featured_media":0,"parent":0,"menu_order":0,"comment_status":"closed","ping_status":"closed","template":"","meta":{"_seopress_robots_primary_cat":"","footnotes":""},"class_list":["post-2169","page","type-page","status-publish","hentry"],"_links":{"self":[{"href":"https:\/\/martubefaucet.com\/de\/wp-json\/wp\/v2\/pages\/2169","targetHints":{"allow":["GET"]}}],"collection":[{"href":"https:\/\/martubefaucet.com\/de\/wp-json\/wp\/v2\/pages"}],"about":[{"href":"https:\/\/martubefaucet.com\/de\/wp-json\/wp\/v2\/types\/page"}],"author":[{"embeddable":true,"href":"https:\/\/martubefaucet.com\/de\/wp-json\/wp\/v2\/users\/1"}],"replies":[{"embeddable":true,"href":"https:\/\/martubefaucet.com\/de\/wp-json\/wp\/v2\/comments?post=2169"}],"version-history":[{"count":2,"href":"https:\/\/martubefaucet.com\/de\/wp-json\/wp\/v2\/pages\/2169\/revisions"}],"predecessor-version":[{"id":2173,"href":"https:\/\/martubefaucet.com\/de\/wp-json\/wp\/v2\/pages\/2169\/revisions\/2173"}],"wp:attachment":[{"href":"https:\/\/martubefaucet.com\/de\/wp-json\/wp\/v2\/media?parent=2169"}],"curies":[{"name":"wp","href":"https:\/\/api.w.org\/{rel}","templated":true}]}}